{"id":140,"date":"2018-12-26T09:44:22","date_gmt":"2018-12-26T09:44:22","guid":{"rendered":"https:\/\/www.zu-ihren-diensten.ch\/?page_id=140"},"modified":"2019-01-11T15:23:12","modified_gmt":"2019-01-11T15:23:12","slug":"preise","status":"publish","type":"page","link":"https:\/\/www.zu-ihren-diensten.ch\/index.php\/preise\/","title":{"rendered":"Preise"},"content":{"rendered":"<h6>Mit fairen und erschwinglichen Preisen m\u00f6chte ich sicherstellen, dass Sie sich Dienstleistungen, die Ihren Alltag erleichtern, leisten k\u00f6nnen. Sollte es Ihnen trotzdem einmal nicht m\u00f6glich sein, die unten angegebenen Richtpreise zu zahlen, lassen Sie es mich wissen &#8211; wir finden eine L\u00f6sung.<\/h6>\n<h6>Um den administrativen Aufwand m\u00f6glichst klein zu halten, bin ich um Barzahlung dankbar.<\/h6>\n<p>&nbsp;<\/p>\n<h3>Generelle Betreuungsdienstleistungen<\/h3>\n<h6>CHF 40.&#8211; \/ Std.<\/h6>\n<h4><\/h4>\n<p>&nbsp;<\/p>\n<h3>B\u00fcro- und Schreibarbeiten f\u00fcr Private<\/h3>\n<h6>CHF 50.&#8211; \/ Std.<\/h6>\n<h4><\/h4>\n<p>&nbsp;<\/p>\n<h3>B\u00fcro- und\u00a0Buchhaltungsarbeiten f\u00fcr Firmen<\/h3>\n<h6>CHF 70.&#8211; \/ Std.<\/h6>\n<h4><\/h4>\n<p>&nbsp;<\/p>\n<h3>Fahrdienste<\/h3>\n<h6>CHF 60.&#8211; \/ Std.<\/h6>\n<h4><\/h4>\n<p>&nbsp;<\/p>\n<p>&nbsp;<\/p>\n","protected":false},"excerpt":{"rendered":"<p>Mit fairen und erschwinglichen Preisen m\u00f6chte ich sicherstellen, dass Sie sich Dienstleistungen, die Ihren Alltag erleichtern, leisten k\u00f6nnen. Sollte es Ihnen trotzdem einmal nicht m\u00f6glich sein, die unten angegebenen Richtpreise zu zahlen, lassen Sie es mich wissen &#8211; wir finden eine L\u00f6sung. Um den administrativen Aufwand m\u00f6glichst klein zu halten, bin ich um Barzahlung dankbar.<\/p>\n<div><a class=\"btn-filled btn\" href=\"https:\/\/www.zu-ihren-diensten.ch\/index.php\/preise\/\" title=\"Preise\">Read More<\/a><\/div>\n","protected":false},"author":1,"featured_media":0,"parent":0,"menu_order":0,"comment_status":"closed","ping_status":"closed","template":"","meta":[],"_links":{"self":[{"href":"https:\/\/www.zu-ihren-diensten.ch\/index.php\/wp-json\/wp\/v2\/pages\/140"}],"collection":[{"href":"https:\/\/www.zu-ihren-diensten.ch\/index.php\/wp-json\/wp\/v2\/pages"}],"about":[{"href":"https:\/\/www.zu-ihren-diensten.ch\/index.php\/wp-json\/wp\/v2\/types\/page"}],"author":[{"embeddable":true,"href":"https:\/\/www.zu-ihren-diensten.ch\/index.php\/wp-json\/wp\/v2\/users\/1"}],"replies":[{"embeddable":true,"href":"https:\/\/www.zu-ihren-diensten.ch\/index.php\/wp-json\/wp\/v2\/comments?post=140"}],"version-history":[{"count":9,"href":"https:\/\/www.zu-ihren-diensten.ch\/index.php\/wp-json\/wp\/v2\/pages\/140\/revisions"}],"predecessor-version":[{"id":174,"href":"https:\/\/www.zu-ihren-diensten.ch\/index.php\/wp-json\/wp\/v2\/pages\/140\/revisions\/174"}],"wp:attachment":[{"href":"https:\/\/www.zu-ihren-diensten.ch\/index.php\/wp-json\/wp\/v2\/media?parent=140"}],"curies":[{"name":"wp","href":"https:\/\/api.w.org\/{rel}","templated":true}]}}