{"id":61,"date":"2018-12-23T21:25:03","date_gmt":"2018-12-23T21:25:03","guid":{"rendered":"https:\/\/www.zu-ihren-diensten.ch\/?page_id=61"},"modified":"2018-12-26T09:33:59","modified_gmt":"2018-12-26T09:33:59","slug":"angebot","status":"publish","type":"page","link":"https:\/\/www.zu-ihren-diensten.ch\/index.php\/angebot\/","title":{"rendered":"Angebot"},"content":{"rendered":"<h6>Mein Herzensanliegen ist es, f\u00fcr andere Menschen da zu sein, Ihren Alltag zu erleichtern und daf\u00fcr zu sorgen, dass Sie am Abend entspannt und gl\u00fccklich den Feierabend geniessen k\u00f6nnen.<\/h6>\n<h6>Es gibt bestimmt Tausend Dinge, bei denen Sie um Unterst\u00fctzung froh w\u00e4ren &#8230; darunter vielleicht auch einiges, das unten nicht aufgef\u00fchrt ist.\u00a0 Z\u00f6gern Sie dennoch nicht, mich <a href=\"https:\/\/www.zu-ihren-diensten.ch\/index.php\/kontakt\/\">anzufragen<\/a>. Mein Angebot erweitert sich st\u00e4ndig mit den Bed\u00fcrfnissen meiner Mitmenschen.<\/h6>\n<h6><\/h6>\n<p>&nbsp;<\/p>\n<h3>Die Liebsten betreuen<\/h3>\n<h3><img loading=\"lazy\" class=\"size-medium wp-image-45 alignnone\" src=\"https:\/\/www.zu-ihren-diensten.ch\/wp-content\/uploads\/2018\/12\/AdobeStock_178401454-2-300x132.jpeg\" alt=\"\" width=\"300\" height=\"132\" srcset=\"https:\/\/www.zu-ihren-diensten.ch\/wp-content\/uploads\/2018\/12\/AdobeStock_178401454-2-300x132.jpeg 300w, https:\/\/www.zu-ihren-diensten.ch\/wp-content\/uploads\/2018\/12\/AdobeStock_178401454-2-768x339.jpeg 768w, https:\/\/www.zu-ihren-diensten.ch\/wp-content\/uploads\/2018\/12\/AdobeStock_178401454-2-1024x452.jpeg 1024w\" sizes=\"(max-width: 300px) 100vw, 300px\" \/><\/h3>\n<h6>Sie m\u00f6chten, dass sich Ihre Liebsten geborgen f\u00fchlen, auch wenn Sie fremd betreut werden &#8211; ob Kinder oder Hunde, Sie k\u00f6nnen sie mir anvertrauen. Wir werden gemeinsam spielen und lachen, hinaus in die Natur gehen und die Landschaft oder den Wald erkunden. Wir werden uns ins Gras legen und die Gesichter in den Wolken erraten, Indianer spielen, basteln oder irgendwelche Spiele erfinden. Vielleicht m\u00f6chten Sie, dass ich Ihre Kinder zum Sportunterricht begleite und sie dann wieder nach Hause fahre. Oder wir gehen gemeinsam einkaufen und bereiten das Abendessen f\u00fcr Mami und Papi zu. Was auch immer, wir werden Spass haben und\u00a0eine sinnvolle, spannende Zeit miteinander verbringen &#8230; ohne Tablet, I-Phone oder Computer.<\/h6>\n<p>&nbsp;<\/p>\n<h3>F\u00fcr \u00e4ltere Menschen da sein<\/h3>\n<p><img loading=\"lazy\" class=\"size-medium wp-image-44 alignnone\" src=\"https:\/\/www.zu-ihren-diensten.ch\/wp-content\/uploads\/2018\/12\/AZM_iStock_19827227_web-300x141.jpg\" alt=\"\" width=\"300\" height=\"141\" srcset=\"https:\/\/www.zu-ihren-diensten.ch\/wp-content\/uploads\/2018\/12\/AZM_iStock_19827227_web-300x141.jpg 300w, https:\/\/www.zu-ihren-diensten.ch\/wp-content\/uploads\/2018\/12\/AZM_iStock_19827227_web.jpg 640w\" sizes=\"(max-width: 300px) 100vw, 300px\" \/><\/p>\n<h6>Sie werden in W\u00fcrde \u00e4lter und weiser. Mir ist es eine Ehre, Sie achtungsvoll zu begleiten und Ihnen da, wo Sie es w\u00fcnschen, zur Hand zu gehen. Ich erledige den Einkauf f\u00fcr Sie, wir gehen gemeinsam spazieren. Vielleicht darf ich Ihnen etwas vorlesen oder Sie haben Lust, zusammen zu singen? Wir geniessen eine Tasse Tee und Sie erz\u00e4hlen mir von den Tausend Erfahrungen, die Sie in Ihrem Leben gemacht haben. Ich kann Sie aber auch einfach zu Ihrer Familie oder zu Freunden fahren und Sie wieder abholen, wenn es Zeit ist, nach Hause zu gehen. Oder Sie wollen einfach unter die Leute und am Leben teilhaben? Was auch immer Sie gl\u00fccklich macht, ich bin da, um Ihre W\u00fcnsche zu erf\u00fcllen.<\/h6>\n<p>&nbsp;<\/p>\n<h3>Gemeinsam kochen<\/h3>\n<p><img loading=\"lazy\" class=\"size-medium wp-image-48\" src=\"https:\/\/www.zu-ihren-diensten.ch\/wp-content\/uploads\/2018\/12\/AdobeStock_102885680-300x127.jpeg\" alt=\"\" width=\"300\" height=\"127\" srcset=\"https:\/\/www.zu-ihren-diensten.ch\/wp-content\/uploads\/2018\/12\/AdobeStock_102885680-300x127.jpeg 300w, https:\/\/www.zu-ihren-diensten.ch\/wp-content\/uploads\/2018\/12\/AdobeStock_102885680-768x326.jpeg 768w, https:\/\/www.zu-ihren-diensten.ch\/wp-content\/uploads\/2018\/12\/AdobeStock_102885680-1024x434.jpeg 1024w\" sizes=\"(max-width: 300px) 100vw, 300px\" \/><\/p>\n<h6>Ihnen fehlt manchmal die Zeit, etwas Gutes zum Essen zuzubereiten, oder Sie haben keine Lust, f\u00fcr sich alleine zu kochen? Wie w\u00e4re es, wenn Sie sich eine Pause g\u00f6nnen und es geniessen, einfach an den gedeckten Tisch sitzen zu k\u00f6nnen? Ob f\u00fcr eine einmalige Gelegenheit oder f\u00fcr regelm\u00e4ssige Anl\u00e4sse,\u00a0 Sie m\u00fcssen nicht auf eine gute, warme Mahlzeit verzichten. Ich erledige den Einkauf, koche f\u00fcr Sie, decke den Tisch, serviere das Essen &#8230; und falls es Ihr Wunsch ist, geselle ich mich zu Ihnen. So oder so, am Ende finden Sie eine sauber aufger\u00e4umte K\u00fcche vor.<\/h6>\n<p>&nbsp;<\/p>\n<h3>B\u00fcroarbeiten abnehmen<\/h3>\n<p><img loading=\"lazy\" class=\"alignnone size-medium wp-image-49\" src=\"https:\/\/www.zu-ihren-diensten.ch\/wp-content\/uploads\/2018\/12\/AdobeStock_89422928-300x200.jpeg\" alt=\"\" width=\"300\" height=\"200\" srcset=\"https:\/\/www.zu-ihren-diensten.ch\/wp-content\/uploads\/2018\/12\/AdobeStock_89422928-300x200.jpeg 300w, https:\/\/www.zu-ihren-diensten.ch\/wp-content\/uploads\/2018\/12\/AdobeStock_89422928-768x512.jpeg 768w, https:\/\/www.zu-ihren-diensten.ch\/wp-content\/uploads\/2018\/12\/AdobeStock_89422928-1024x683.jpeg 1024w\" sizes=\"(max-width: 300px) 100vw, 300px\" \/><\/p>\n<h6>Sie sollten Ihre Rechnungen begleichen, die L\u00f6hne zahlen oder \u00fcberhaupt die Buchhaltung machen? Sie m\u00fcssen Abkl\u00e4rungen mit den Beh\u00f6rden treffen, die Mehrwertsteuer abrechnen oder anstehende Schreibarbeit erledigen? M\u00f6glicherweise ist ein Mitarbeiter ausgefallen und sie brauchen\u00a0 kurzfristig Ersatz? Ich springe ein, wo Not am Mann ist und \u00fcbernehme das, wozu Sie keine Zeit oder Lust haben &#8230; ob f\u00fcr Sie privat oder f\u00fcr Ihre Firma.<\/h6>\n<p>&nbsp;<\/p>\n<h3>Mobilit\u00e4t garantieren<\/h3>\n<p><img loading=\"lazy\" class=\"alignnone size-medium wp-image-46\" src=\"https:\/\/www.zu-ihren-diensten.ch\/wp-content\/uploads\/2018\/12\/AdobeStock_206221850-300x181.jpeg\" alt=\"\" width=\"300\" height=\"181\" \/><\/p>\n<h6>Sie m\u00f6chten entspannt und ausgeruht an Ihrem Schweizer Ferienort ankommen oder in ruhiger Atmosph\u00e4re zum Flughafen gefahren werden? Sie brauchen kurzfristig jemand, der Sie sp\u00e4t abends vom Ausgang abholt und nach Hause f\u00e4hrt? Vielleicht haben Sie aber auch ausw\u00e4rtige gesch\u00e4ftliche Termine und wollen sich w\u00e4hrend der Fahrt noch in Ruhe vorbereiten? Es gibt viele Gelegenheiten, in denen man sich einen Chauffeur w\u00fcnscht &#8230; es w\u00e4re mir eine Freude, Sie zu fahren.<\/h6>\n","protected":false},"excerpt":{"rendered":"<p>Mein Herzensanliegen ist es, f\u00fcr andere Menschen da zu sein, Ihren Alltag zu erleichtern und daf\u00fcr zu sorgen, dass Sie am Abend entspannt und gl\u00fccklich den Feierabend geniessen k\u00f6nnen. Es gibt bestimmt Tausend Dinge, bei denen Sie um Unterst\u00fctzung froh w\u00e4ren &#8230; darunter vielleicht auch einiges, das unten nicht aufgef\u00fchrt ist.\u00a0 Z\u00f6gern Sie dennoch nicht,<\/p>\n<div><a class=\"btn-filled btn\" href=\"https:\/\/www.zu-ihren-diensten.ch\/index.php\/angebot\/\" title=\"Angebot\">Read More<\/a><\/div>\n","protected":false},"author":1,"featured_media":0,"parent":0,"menu_order":0,"comment_status":"closed","ping_status":"closed","template":"","meta":[],"_links":{"self":[{"href":"https:\/\/www.zu-ihren-diensten.ch\/index.php\/wp-json\/wp\/v2\/pages\/61"}],"collection":[{"href":"https:\/\/www.zu-ihren-diensten.ch\/index.php\/wp-json\/wp\/v2\/pages"}],"about":[{"href":"https:\/\/www.zu-ihren-diensten.ch\/index.php\/wp-json\/wp\/v2\/types\/page"}],"author":[{"embeddable":true,"href":"https:\/\/www.zu-ihren-diensten.ch\/index.php\/wp-json\/wp\/v2\/users\/1"}],"replies":[{"embeddable":true,"href":"https:\/\/www.zu-ihren-diensten.ch\/index.php\/wp-json\/wp\/v2\/comments?post=61"}],"version-history":[{"count":33,"href":"https:\/\/www.zu-ihren-diensten.ch\/index.php\/wp-json\/wp\/v2\/pages\/61\/revisions"}],"predecessor-version":[{"id":139,"href":"https:\/\/www.zu-ihren-diensten.ch\/index.php\/wp-json\/wp\/v2\/pages\/61\/revisions\/139"}],"wp:attachment":[{"href":"https:\/\/www.zu-ihren-diensten.ch\/index.php\/wp-json\/wp\/v2\/media?parent=61"}],"curies":[{"name":"wp","href":"https:\/\/api.w.org\/{rel}","templated":true}]}}