{"id":85,"date":"2018-12-25T12:48:24","date_gmt":"2018-12-25T12:48:24","guid":{"rendered":"https:\/\/www.zu-ihren-diensten.ch\/?page_id=85"},"modified":"2018-12-25T12:57:53","modified_gmt":"2018-12-25T12:57:53","slug":"ueber-mich","status":"publish","type":"page","link":"https:\/\/www.zu-ihren-diensten.ch\/index.php\/ueber-mich\/","title":{"rendered":"\u00dcber mich"},"content":{"rendered":"<h6>Wer ich bin und wie ich bin erfahren Sie sicher am besten, wenn Sie mich pers\u00f6nlich kennen lernen. Nichts vermittelt uns einen besseren Eindruck als eine Begegnung von Mensch zu Mensch, von Herz zu Herz. Dennoch gebe ich Ihnen hier gerne ein paar Eckdaten zu meiner Person:<\/h6>\n<h6>Nach einer abgeschlossenen kaufm\u00e4nnischen Berufsausbildung war ich \u00fcber Jahrzehnte hinweg f\u00fcr Firmen unterschiedlicher Branchen haupts\u00e4chlich im Bereich der Buchhaltung t\u00e4tig &#8230; zuletzt mit einer 60-Stunden-Woche in einem Kleinbetrieb. Nicht, dass ich nicht gerne arbeite, aber das war f\u00fcr meine mittlerweile 55 Jahre doch zu viel. So entschied ich mich, diese Stelle zu verlassen und mein Leben noch einmal zu \u00fcberdenken.<\/h6>\n<h6>Ich glaube fest daran, dass jeder Mensch bestimmte Talente, Anlagen oder F\u00e4higkeiten hat, die er im Sinne seiner Berufung dem Leben zur Verf\u00fcgung stellen kann. So gerne ich B\u00fcro- oder Buchhaltungsarbeiten verrichte, meine eigentliche Begabung liegt darin, f\u00fcr andere Menschen da zu sein, wenn Sie Unterst\u00fctzung in irgend einer Form ben\u00f6tigen. Was mich am Abend eines arbeitsreichen Tages gl\u00fccklich macht ist zu wissen, dass ich jemandem seinen Alltag erleichtern und Menschen Freude schenken konnte. Was ich mein Leben lang in meiner Freizeit machte, erkannte ich als meine eigentliche Berufung.<\/h6>\n<h6>So entschied ich mich zum Schritt in die Selbst\u00e4ndigkeit und biete heute von Herzen gerne meine Dienste f\u00fcr viele allt\u00e4gliche Arbeiten, f\u00fcr welche Sie Unterst\u00fctzung ben\u00f6tigen, an.\u00a0Ich liebe und betreue Kinder genauso gerne wie \u00e4ltere oder behinderte Menschen. Mit Hunden spazieren zu gehen ist eine absolute Freude, und Auto zu fahren und Menschen von A nach B zu chauffieren geh\u00f6rt zu meiner Leidenschaft. Selbstverst\u00e4ndlich stehe ich auch weiterhin spontan und unkompliziert f\u00fcr jegliche B\u00fcro- und Buchhaltungsarbeiten zur Verf\u00fcgung, wenn es Ihren Alltag erleichtert. Sie sagen einfach, was Sie brauchen und ich bem\u00fche mich um eine L\u00f6sung.<\/h6>\n<h6>Ich freue mich, von Ihnen zu h\u00f6ren.<\/h6>\n<h6><\/h6>\n<h6><\/h6>\n<h6><\/h6>\n","protected":false},"excerpt":{"rendered":"<p>Wer ich bin und wie ich bin erfahren Sie sicher am besten, wenn Sie mich pers\u00f6nlich kennen lernen. Nichts vermittelt uns einen besseren Eindruck als eine Begegnung von Mensch zu Mensch, von Herz zu Herz. Dennoch gebe ich Ihnen hier gerne ein paar Eckdaten zu meiner Person: Nach einer abgeschlossenen kaufm\u00e4nnischen Berufsausbildung war ich \u00fcber<\/p>\n<div><a class=\"btn-filled btn\" href=\"https:\/\/www.zu-ihren-diensten.ch\/index.php\/ueber-mich\/\" title=\"\u00dcber mich\">Read More<\/a><\/div>\n","protected":false},"author":1,"featured_media":0,"parent":0,"menu_order":0,"comment_status":"closed","ping_status":"closed","template":"","meta":[],"_links":{"self":[{"href":"https:\/\/www.zu-ihren-diensten.ch\/index.php\/wp-json\/wp\/v2\/pages\/85"}],"collection":[{"href":"https:\/\/www.zu-ihren-diensten.ch\/index.php\/wp-json\/wp\/v2\/pages"}],"about":[{"href":"https:\/\/www.zu-ihren-diensten.ch\/index.php\/wp-json\/wp\/v2\/types\/page"}],"author":[{"embeddable":true,"href":"https:\/\/www.zu-ihren-diensten.ch\/index.php\/wp-json\/wp\/v2\/users\/1"}],"replies":[{"embeddable":true,"href":"https:\/\/www.zu-ihren-diensten.ch\/index.php\/wp-json\/wp\/v2\/comments?post=85"}],"version-history":[{"count":7,"href":"https:\/\/www.zu-ihren-diensten.ch\/index.php\/wp-json\/wp\/v2\/pages\/85\/revisions"}],"predecessor-version":[{"id":93,"href":"https:\/\/www.zu-ihren-diensten.ch\/index.php\/wp-json\/wp\/v2\/pages\/85\/revisions\/93"}],"wp:attachment":[{"href":"https:\/\/www.zu-ihren-diensten.ch\/index.php\/wp-json\/wp\/v2\/media?parent=85"}],"curies":[{"name":"wp","href":"https:\/\/api.w.org\/{rel}","templated":true}]}}